{"id":1368,"date":"2019-09-10T20:10:10","date_gmt":"2019-09-10T18:10:10","guid":{"rendered":"http:\/\/beta.kannewischer.group\/impressum-3\/"},"modified":"2021-02-23T11:14:10","modified_gmt":"2021-02-23T10:14:10","slug":"impressum-3","status":"publish","type":"page","link":"https:\/\/www.kannewischer.group\/en\/impressum-3\/","title":{"rendered":"Imprint"},"content":{"rendered":"\n<h1 class=\"wp-block-heading\">Imprint<\/h1>\n\n\n\n<p>The joint stock companies of HK&amp;T Kannewischer, Switzerland locations are independent companies.<\/p>\n\n\n\n<h2 class=\"has-lightblue-color has-text-color wp-block-heading\">Kannewischer Ingenieurb\u00fcro AG<\/h2>\n\n\n\n<p>UID: CHE-102.426.853<\/p>\n\n\n\n<h2 class=\"has-lightblue-color has-text-color wp-block-heading\">Kannewischer Bern AG<\/h2>\n\n\n\n<p>UID: CHE-114.734.959<\/p>\n\n\n\n<h2 class=\"has-lightblue-color has-text-color wp-block-heading\">Kannewischer Ing\u00e9nieurs Conseils S\u00e0rl<\/h2>\n\n\n\n<p>UID: CHE-291.922.383&nbsp;<\/p>\n\n\n\n<h2 class=\"has-lightblue-color has-text-color wp-block-heading\">Kannewischer St. Gallen AG<\/h2>\n\n\n\n<p>UID: CHE-115.489.544<\/p>\n\n\n\n<div style=\"height:40px\" aria-hidden=\"true\" class=\"wp-block-spacer\"><\/div>\n\n\n\n<p>Responsible for the content of the HK&amp;T Kannewischer joint stock companies (locations in Switzerland):<\/p>\n\n\n\n<p>Harald Kannewischer<\/p>\n\n\n\n<p>Dipl. Ingenieur HTL\/FH\/SIA&nbsp;<br>Gesch\u00e4ftsf\u00fchrer Cham-Zug<\/p>\n\n\n\n<p>The imprints of Hasenkox Ingenieurgesellschaft mbH and TBP K\u00f6ln GmbH can be found on the respective company page.<\/p>\n\n\n\n<h2 class=\"has-lightblue-color has-text-color wp-block-heading\">Realisation<\/h2>\n\n\n\n<p><strong>Design concept<\/strong> | <strong>Digital realisation<\/strong><\/p>\n\n\n\n<p>derenbach.net<\/p>\n\n\n\n<div style=\"height:100px\" aria-hidden=\"true\" class=\"wp-block-spacer\"><\/div>\n\n\n\n<h2 class=\"has-lightblue-color has-text-color wp-block-heading\">Picture credits<\/h2>\n\n\n\n<p>Home und Referenzen\/Projekte:&nbsp;<br>Bild von Kulm Hotel, St. Moritz: \u00a9Kulm Hotel St. Moritz,&nbsp;<a href=\"http:\/\/www.kulm.com\/\" target=\"_blank\" rel=\"noreferrer noopener\">www.kulm.com<\/a><\/p>\n\n\n\n<p>Unternehmen HK&amp;T Kannewischer:&nbsp;<br>Bild von Aqua Allalin, Saas-Fee: \u00a9SJH (Schweizer Jugendherbergen), Herr Michel van Grondel und Herr Ruedi Walti<\/p>\n","protected":false},"excerpt":{"rendered":"<p>Imprint The joint stock companies of HK&amp;T Kannewischer, Switzerland locations are independent companies. Kannewischer Ingenieurb\u00fcro AG UID: CHE-102.426.853 Kannewischer Bern AG UID: CHE-114.734.959 Kannewischer Ing\u00e9nieurs Conseils S\u00e0rl UID: CHE-291.922.383&nbsp; Kannewischer St. Gallen AG UID: CHE-115.489.544 Responsible for the content of the HK&amp;T Kannewischer joint stock companies (locations in Switzerland): Harald Kannewischer Dipl. Ingenieur HTL\/FH\/SIA&nbsp;Gesch\u00e4ftsf\u00fchrer Cham-Zug <a class=\"understrap-read-more-link\" href=\"https:\/\/www.kannewischer.group\/en\/impressum-3\/\">Read More<\/a><\/p>\n","protected":false},"author":1334,"featured_media":0,"parent":0,"menu_order":0,"comment_status":"closed","ping_status":"closed","template":"","meta":{"_acf_changed":false,"footnotes":""},"class_list":["post-1368","page","type-page","status-publish","hentry"],"acf":[],"_links":{"self":[{"href":"https:\/\/www.kannewischer.group\/en\/wp-json\/wp\/v2\/pages\/1368","targetHints":{"allow":["GET"]}}],"collection":[{"href":"https:\/\/www.kannewischer.group\/en\/wp-json\/wp\/v2\/pages"}],"about":[{"href":"https:\/\/www.kannewischer.group\/en\/wp-json\/wp\/v2\/types\/page"}],"author":[{"embeddable":true,"href":"https:\/\/www.kannewischer.group\/en\/wp-json\/wp\/v2\/users\/1334"}],"replies":[{"embeddable":true,"href":"https:\/\/www.kannewischer.group\/en\/wp-json\/wp\/v2\/comments?post=1368"}],"version-history":[{"count":2,"href":"https:\/\/www.kannewischer.group\/en\/wp-json\/wp\/v2\/pages\/1368\/revisions"}],"predecessor-version":[{"id":2796,"href":"https:\/\/www.kannewischer.group\/en\/wp-json\/wp\/v2\/pages\/1368\/revisions\/2796"}],"wp:attachment":[{"href":"https:\/\/www.kannewischer.group\/en\/wp-json\/wp\/v2\/media?parent=1368"}],"curies":[{"name":"wp","href":"https:\/\/api.w.org\/{rel}","templated":true}]}}