{"id":1374,"date":"2019-09-10T20:05:07","date_gmt":"2019-09-10T18:05:07","guid":{"rendered":"http:\/\/beta.kannewischer.group\/ueber-uns\/karriere\/"},"modified":"2022-09-02T11:26:16","modified_gmt":"2022-09-02T09:26:16","slug":"karriere","status":"publish","type":"page","link":"https:\/\/www.kannewischer.group\/en\/karriere\/","title":{"rendered":"Careers"},"content":{"rendered":"\n<div class=\"wp-block-columns is-layout-flex wp-container-core-columns-is-layout-9d6595d7 wp-block-columns-is-layout-flex\">\n<div class=\"wp-block-column is-layout-flow wp-block-column-is-layout-flow\"><\/div>\n<\/div>\n\n\n\n<p>There are no other vacancies at the moment, but initiative applications are welcome.<br><br>Please send the application documents for the Kannewischer companies in <strong>Switzerland<\/strong> by e-mail to info(at)kannewischer.ch.<\/p>\n\n\n\n<p>Please send the application documents for Hasenkox Ingenieurgesellschaft mbH in <strong>D\u00fcsseldorf<\/strong> by e-mail to personal(at)hasenkox.eu.<\/p>\n\n\n\n<p>Please send the application documents for TBP K\u00f6ln GmbH in <strong>K\u00f6ln<\/strong> by e-mail to mail(at)tbp.koeln.<\/p>\n","protected":false},"excerpt":{"rendered":"<p>There are no other vacancies at the moment, but initiative applications are welcome. Please send the application documents for the Kannewischer companies in Switzerland by e-mail to info(at)kannewischer.ch. Please send the application documents for Hasenkox Ingenieurgesellschaft mbH in D\u00fcsseldorf by e-mail to personal(at)hasenkox.eu. Please send the application documents for TBP K\u00f6ln GmbH in K\u00f6ln by <a class=\"understrap-read-more-link\" href=\"https:\/\/www.kannewischer.group\/en\/karriere\/\">Read More<\/a><\/p>\n","protected":false},"author":1334,"featured_media":0,"parent":0,"menu_order":0,"comment_status":"closed","ping_status":"closed","template":"page-templates\/fullwidthpage-kwg.php","meta":{"_acf_changed":false,"footnotes":""},"class_list":["post-1374","page","type-page","status-publish","hentry"],"acf":[],"_links":{"self":[{"href":"https:\/\/www.kannewischer.group\/en\/wp-json\/wp\/v2\/pages\/1374","targetHints":{"allow":["GET"]}}],"collection":[{"href":"https:\/\/www.kannewischer.group\/en\/wp-json\/wp\/v2\/pages"}],"about":[{"href":"https:\/\/www.kannewischer.group\/en\/wp-json\/wp\/v2\/types\/page"}],"author":[{"embeddable":true,"href":"https:\/\/www.kannewischer.group\/en\/wp-json\/wp\/v2\/users\/1334"}],"replies":[{"embeddable":true,"href":"https:\/\/www.kannewischer.group\/en\/wp-json\/wp\/v2\/comments?post=1374"}],"version-history":[{"count":2,"href":"https:\/\/www.kannewischer.group\/en\/wp-json\/wp\/v2\/pages\/1374\/revisions"}],"predecessor-version":[{"id":2999,"href":"https:\/\/www.kannewischer.group\/en\/wp-json\/wp\/v2\/pages\/1374\/revisions\/2999"}],"wp:attachment":[{"href":"https:\/\/www.kannewischer.group\/en\/wp-json\/wp\/v2\/media?parent=1374"}],"curies":[{"name":"wp","href":"https:\/\/api.w.org\/{rel}","templated":true}]}}