{"id":2062,"date":"2019-09-10T20:10:10","date_gmt":"2019-09-10T18:10:10","guid":{"rendered":"http:\/\/beta.kannewischer.group\/?page_id=2062"},"modified":"2021-02-23T11:13:47","modified_gmt":"2021-02-23T10:13:47","slug":"impressum-3","status":"publish","type":"page","link":"https:\/\/www.kannewischer.group\/fr\/impressum-3\/","title":{"rendered":"Empreinte"},"content":{"rendered":"\n<h1 class=\"wp-block-heading\">Empreinte<\/h1>\n\n\n\n<p>Les soci\u00e9t\u00e9s par actions des sites de HK&amp;T Kannewischer, Suisse, sont des entreprises ind\u00e9pendantes.<\/p>\n\n\n\n<h2 class=\"has-lightblue-color has-text-color wp-block-heading\">Kannewischer Ingenieurb\u00fcro AG<\/h2>\n\n\n\n<p>UID: CHE-102.426.853<\/p>\n\n\n\n<h2 class=\"has-lightblue-color has-text-color wp-block-heading\">Kannewischer Bern AG<\/h2>\n\n\n\n<p>UID: CHE-114.734.959<\/p>\n\n\n\n<h2 class=\"has-lightblue-color has-text-color wp-block-heading\">Kannewischer Ing\u00e9nieurs Conseils S\u00e0rl<\/h2>\n\n\n\n<p>UID: CHE-291.922.383&nbsp;<\/p>\n\n\n\n<h2 class=\"has-lightblue-color has-text-color wp-block-heading\">Kannewischer St. Gallen AG<\/h2>\n\n\n\n<p>UID: CHE-115.489.544<\/p>\n\n\n\n<div style=\"height:40px\" aria-hidden=\"true\" class=\"wp-block-spacer\"><\/div>\n\n\n\n<p>Responsable du contenu des soci\u00e9t\u00e9s anonymes HK&amp;T Kannewischer (sites en Suisse) :<\/p>\n\n\n\n<p>Harald Kannewischer<\/p>\n\n\n\n<p>Dipl. Ingenieur HTL\/FH\/SIA&nbsp;<br>Gesch\u00e4ftsf\u00fchrer Cham-Zug<\/p>\n\n\n\n<p>Les empreintes de Hasenkox Ingenieurgesellschaft mbH et TBP K\u00f6ln GmbH se trouvent sur la page de la soci\u00e9t\u00e9 correspondante.<\/p>\n\n\n\n<h2 class=\"has-lightblue-color has-text-color wp-block-heading\">R\u00e9alisation<\/h2>\n\n\n\n<p><strong>Concept du design | la conversion num\u00e9rique<\/strong><\/p>\n\n\n\n<p>derenbach.net<\/p>\n\n\n\n<div style=\"height:100px\" aria-hidden=\"true\" class=\"wp-block-spacer\"><\/div>\n\n\n\n<h2 class=\"has-lightblue-color has-text-color wp-block-heading\">Cr\u00e9dits photos<\/h2>\n\n\n\n<p>Home und Referenzen\/Projekte:&nbsp;<br>Bild von Kulm Hotel, St. Moritz: \u00a9Kulm Hotel St. Moritz,&nbsp;<a href=\"http:\/\/www.kulm.com\/\" target=\"_blank\" rel=\"noreferrer noopener\">www.kulm.com<\/a><\/p>\n\n\n\n<p>Unternehmen HK&amp;T Kannewischer:&nbsp;<br>Bild von Aqua Allalin, Saas-Fee: \u00a9SJH (Schweizer Jugendherbergen), Herr Michel van Grondel und Herr Ruedi Walti<\/p>\n","protected":false},"excerpt":{"rendered":"<p>Empreinte Les soci\u00e9t\u00e9s par actions des sites de HK&amp;T Kannewischer, Suisse, sont des entreprises ind\u00e9pendantes. Kannewischer Ingenieurb\u00fcro AG UID: CHE-102.426.853 Kannewischer Bern AG UID: CHE-114.734.959 Kannewischer Ing\u00e9nieurs Conseils S\u00e0rl UID: CHE-291.922.383&nbsp; Kannewischer St. Gallen AG UID: CHE-115.489.544 Responsable du contenu des soci\u00e9t\u00e9s anonymes HK&amp;T Kannewischer (sites en Suisse) : Harald Kannewischer Dipl. Ingenieur HTL\/FH\/SIA&nbsp;Gesch\u00e4ftsf\u00fchrer Cham-Zug <a class=\"understrap-read-more-link\" href=\"https:\/\/www.kannewischer.group\/fr\/impressum-3\/\">Lire la suite<\/a><\/p>\n","protected":false},"author":1334,"featured_media":0,"parent":0,"menu_order":0,"comment_status":"closed","ping_status":"closed","template":"","meta":{"_acf_changed":false,"footnotes":""},"class_list":["post-2062","page","type-page","status-publish","hentry"],"acf":[],"_links":{"self":[{"href":"https:\/\/www.kannewischer.group\/fr\/wp-json\/wp\/v2\/pages\/2062","targetHints":{"allow":["GET"]}}],"collection":[{"href":"https:\/\/www.kannewischer.group\/fr\/wp-json\/wp\/v2\/pages"}],"about":[{"href":"https:\/\/www.kannewischer.group\/fr\/wp-json\/wp\/v2\/types\/page"}],"author":[{"embeddable":true,"href":"https:\/\/www.kannewischer.group\/fr\/wp-json\/wp\/v2\/users\/1334"}],"replies":[{"embeddable":true,"href":"https:\/\/www.kannewischer.group\/fr\/wp-json\/wp\/v2\/comments?post=2062"}],"version-history":[{"count":2,"href":"https:\/\/www.kannewischer.group\/fr\/wp-json\/wp\/v2\/pages\/2062\/revisions"}],"predecessor-version":[{"id":2795,"href":"https:\/\/www.kannewischer.group\/fr\/wp-json\/wp\/v2\/pages\/2062\/revisions\/2795"}],"wp:attachment":[{"href":"https:\/\/www.kannewischer.group\/fr\/wp-json\/wp\/v2\/media?parent=2062"}],"curies":[{"name":"wp","href":"https:\/\/api.w.org\/{rel}","templated":true}]}}