{"id":2064,"date":"2019-09-10T20:05:07","date_gmt":"2019-09-10T18:05:07","guid":{"rendered":"http:\/\/beta.kannewischer.group\/?page_id=2064"},"modified":"2022-09-02T11:27:01","modified_gmt":"2022-09-02T09:27:01","slug":"karriere","status":"publish","type":"page","link":"https:\/\/www.kannewischer.group\/fr\/karriere\/","title":{"rendered":"Carri\u00e8re"},"content":{"rendered":"\n<div class=\"wp-block-columns is-layout-flex wp-container-core-columns-is-layout-9d6595d7 wp-block-columns-is-layout-flex\">\n<div class=\"wp-block-column is-layout-flow wp-block-column-is-layout-flow\"><\/div>\n\n\n\n<div class=\"wp-block-column is-layout-flow wp-block-column-is-layout-flow\"><\/div>\n<\/div>\n\n\n\n<p>Il n&rsquo;y a pas d&rsquo;autres postes vacants pour le moment, mais les candidatures spontan\u00e9es sont les bienvenues.&nbsp;<br><br>Veuillez envoyer les documents de candidature pour les entreprises Kannewischer en <strong>Suisse<\/strong> par e-mail \u00e0 info(at)kannewischer.ch.<\/p>\n\n\n\n<p>Veuillez envoyer les documents de candidature pour Hasenkox Ingenieurgesellschaft mbH \u00e0 <strong>D\u00fcsseldorf<\/strong> par e-mail \u00e0 personal(at)hasenkox.eu.<\/p>\n\n\n\n<p>Veuillez envoyer les documents de candidature pour TBP K\u00f6ln GmbH \u00e0 <strong>K\u00f6ln<\/strong> par e-mail \u00e0 mail(at)tbp.koeln.<\/p>\n","protected":false},"excerpt":{"rendered":"<p>Il n&rsquo;y a pas d&rsquo;autres postes vacants pour le moment, mais les candidatures spontan\u00e9es sont les bienvenues.&nbsp; Veuillez envoyer les documents de candidature pour les entreprises Kannewischer en Suisse par e-mail \u00e0 info(at)kannewischer.ch. Veuillez envoyer les documents de candidature pour Hasenkox Ingenieurgesellschaft mbH \u00e0 D\u00fcsseldorf par e-mail \u00e0 personal(at)hasenkox.eu. Veuillez envoyer les documents de candidature <a class=\"understrap-read-more-link\" href=\"https:\/\/www.kannewischer.group\/fr\/karriere\/\">Lire la suite<\/a><\/p>\n","protected":false},"author":1334,"featured_media":0,"parent":0,"menu_order":0,"comment_status":"closed","ping_status":"closed","template":"page-templates\/fullwidthpage-kwg.php","meta":{"_acf_changed":false,"footnotes":""},"class_list":["post-2064","page","type-page","status-publish","hentry"],"acf":[],"_links":{"self":[{"href":"https:\/\/www.kannewischer.group\/fr\/wp-json\/wp\/v2\/pages\/2064","targetHints":{"allow":["GET"]}}],"collection":[{"href":"https:\/\/www.kannewischer.group\/fr\/wp-json\/wp\/v2\/pages"}],"about":[{"href":"https:\/\/www.kannewischer.group\/fr\/wp-json\/wp\/v2\/types\/page"}],"author":[{"embeddable":true,"href":"https:\/\/www.kannewischer.group\/fr\/wp-json\/wp\/v2\/users\/1334"}],"replies":[{"embeddable":true,"href":"https:\/\/www.kannewischer.group\/fr\/wp-json\/wp\/v2\/comments?post=2064"}],"version-history":[{"count":2,"href":"https:\/\/www.kannewischer.group\/fr\/wp-json\/wp\/v2\/pages\/2064\/revisions"}],"predecessor-version":[{"id":3000,"href":"https:\/\/www.kannewischer.group\/fr\/wp-json\/wp\/v2\/pages\/2064\/revisions\/3000"}],"wp:attachment":[{"href":"https:\/\/www.kannewischer.group\/fr\/wp-json\/wp\/v2\/media?parent=2064"}],"curies":[{"name":"wp","href":"https:\/\/api.w.org\/{rel}","templated":true}]}}