{"id":3723,"date":"2023-09-08T17:56:10","date_gmt":"2023-09-08T15:56:10","guid":{"rendered":"https:\/\/www.kannewischer.group\/?page_id=3723"},"modified":"2024-04-08T15:20:24","modified_gmt":"2024-04-08T13:20:24","slug":"pose-ta-candidature-en-3-clics","status":"publish","type":"page","link":"https:\/\/www.kannewischer.group\/fr\/pose-ta-candidature-en-3-clics\/","title":{"rendered":"Pose ta candidature en 3 clics"},"content":{"rendered":"<div id=\"lfb_bootstraped\" class=\"lfb_bootstraped notranslate\"><div id=\"lfb_form\" data-usevisual=\"1\" data-progressbar=\"2\" data-qttype=\"0\" data-imgtitlesstyle=\"\" data-emaillaststep=\"0\" data-showsteps=\"true\"      data-formtitle=\" Pose ta candidature en 3 clics seulement\" data-formsession=\"69e2237941117\" data-autoclick=\"0\"  data-subs=\"\" data-form=\"16\" class=\"lfb_bootstraped  lfb_fullscreen\" data-stylefields=\"\" data-animspeed=\"0.3\" data-sumstepsclick=\"0\" data-sumhidesteps=\"1\">\r\n                <div id=\"lfb_loader\"><div class=\"lfb_spinner\"><div class=\"double-bounce1\"><\/div><div class=\"double-bounce2\"><\/div><\/div><\/div><div id=\"lfb_passModal\" class=\"modal\" data-backdrop=\"\"><div class=\"modal-dialog\"><div class=\"modal-content\"><div class=\"modal-header\"><span class=\"fas fa-lock\"><\/span><span>Send me my password<\/span><a href=\"javascript:\" class=\"close\" data-bs-dismiss=\"modal\" aria-label=\"Close\"><span class=\"fas fa-times\"><\/span><\/a><\/div> <div class=\"modal-body p-0\">Your password has been sent by email<\/div><div class=\"modal-footer\"><a href=\"javascript:\"  data-bs-dismiss=\"modal\" class=\"btn btn-primary btn-circle\"><span class=\"fas fa-check\"><\/span><\/a><\/div><\/div><\/div><\/div><div id=\"lfb_stripeModal\" class=\"modal\" data-backdrop=\"\"><div class=\"modal-dialog\"><div class=\"modal-content\"><div class=\"modal-header\"><div><span class=\"fab fa-cc-stripe\"><\/span><span>Make a payment<\/span><\/div><a href=\"javascript:\" class=\"close\" data-bs-dismiss=\"modal\" aria-label=\"Close\"><span class=\"fas fa-times\"><\/span><\/a><\/div> <div class=\"modal-body p-0\"><div data-panel=\"form\" class=\"p-2\"><div class=\"lfb_amountTextContainer\" class=\"p-2 mb-3 \"><div class=\"m-0 lfb_amountText text-center pb-2\">Total to pay :<br\/> <strong data-info=\"amount\">$5<\/strong><\/div><\/div><form method=\"post\" id=\"lfb_stripePaymentForm\" class=\"pl-4 pr-4 pt-3\" ><div class=\"row\"><div class=\"form-group col-md-6\"><div id=\"lfb_stripe_card-element\" class=\"form-control\"><\/div><\/div><div class=\"form-group col-md-3\"><div id=\"lfb_stripe_expiration-element\" class=\"form-control\"><\/div><\/div><div class=\"form-group col-md-3\"><div id=\"lfb_stripe_cvc-element\" class=\"form-control\"><\/div><\/div><div id=\"lfb_stripe_card-error\" class=\" col-md-12\"><\/div><div class=\"form-group col-md-12\"><input placeholder=\"Card owner name\" name=\"ownerName\" class=\"form-control\" type=\"text\"\/><\/div><\/div><\/form><div class=\"text-center lfb_stripeLogoContainer\"><img decoding=\"async\" class=\"lfb_stripeLogo\" src=\"https:\/\/www.kannewischer.group\/wp-content\/uploads\/powered_by_stripe@2x.png\" alt=\"Powered by Stripe\" \/><\/div><\/div><div data-panel=\"loading\"><div class=\" text-center\"><span class=\"fas fa-hourglass-half big\"><\/span><\/div><\/div><div data-panel=\"fail\"><div class=\"text-center\"><p><span class=\"fas fa-times big\"><\/span><\/p><div>Payment could not be made<\/div><div data-info=\"error\" class=\"text-center\"><\/div><\/div><\/div><\/div><div class=\"modal-footer\"><a href=\"javascript:\" data-action=\"pay\"  class=\"btn btn-primary\"><span class=\"fas fa-check\"><\/span>Pay now<\/a><\/div><\/div><\/div><\/div><div id=\"lfb_verificationModal\" class=\"modal\" data-backdrop=\"\"><div class=\"modal-dialog\"><div class=\"modal-content\"><div class=\"modal-body\"><div class=\"form-group\"><label>Fill the code you received by email<\/label><div class=\"lfb_verification-code-inputs\"><input type=\"text\" class=\"form-control lfb_verification-char\" maxlength=\"1\" name=\"verificationCode[]\" \/><input type=\"text\" class=\"form-control lfb_verification-char\" maxlength=\"1\" name=\"verificationCode[]\" \/><input type=\"text\" class=\"form-control lfb_verification-char\" maxlength=\"1\" name=\"verificationCode[]\" \/><input type=\"text\" class=\"form-control lfb_verification-char\" maxlength=\"1\" name=\"verificationCode[]\" \/><input type=\"text\" class=\"form-control lfb_verification-char\" maxlength=\"1\" name=\"verificationCode[]\" \/><input type=\"text\" class=\"form-control lfb_verification-char\" maxlength=\"1\" name=\"verificationCode[]\" \/><\/div><\/div><\/div><\/div><\/div><\/div><a id=\"lfb_close_btn\" href=\"javascript:\"><span class=\"fas fa-times\"><\/span><\/a>\r\n                <div id=\"lfb_panel\">\r\n                <div class=\"container-fluid\">\r\n                    <div class=\"row\">\r\n                        <div class=\"\" ><p class=\"lfb_startBtnContainer lfb-hidden\">\r\n                                <a href=\"javascript:\"  class=\"btn btn-large btn-primary\" id=\"lfb_btnStart\"><span class=\"fa fa-check\"><\/span>GET STARTED<\/a>\r\n                            <\/p> <div id=\"genPrice\" class=\"genPrice lfb-hidden\">\r\n                                <div class=\"progress\">\r\n                                    <div class=\"progress-bar\">\r\n                                        <div class=\"progress-bar-price \">\r\n                                            <span>0$<\/span>\r\n                                            \r\n                                        <\/div>\r\n                                    <\/div>\r\n\r\n                                <\/div>\r\n                            <\/div>\r\n                            <!-- \/genPrice --><h2 id=\"finalText\" class=\"lfb_stepTitle\">Termin\u00e9 - Maintenant, c'est notre tour et nous te contacterons le plus vite possible !<\/h2>\r\n                        <\/div>\r\n                        <!-- \/col -->\r\n                    <\/div>\r\n                    <!-- \/row -->\r\n                <div id=\"lfb_mainPanel\" class=\"palette-clouds\" data-savecart=\"0\"> <input type=\"hidden\" name=\"action\" value=\"lfb_upload_form\"\/>\r\n                <input type=\"hidden\" id=\"lfb_formSession\" name=\"formSession\" value=\"69e2237941117\"\/><div class=\"lfb_genSlide\" data-start=\"1\"    data-showstepsum=\"0\" data-stepid=\"79\" data-title=\"Qui sommes-nous?\"  data-dependitem=\"0\">\t<h2 class=\"lfb_stepTitle\">Qui sommes-nous?<\/h2>\t<div class=\"lfb_genContent container lfb_noDes\" >\t\t<div class=\"row lfb_row  lfb_sortable\"><div class=\"lfb_itemBloc col-md-12  lfb_item lfb_itemContainer_497   lfb_row row\"     data-id=\"497\" data-columns=\"[{&quot;id&quot;:&quot;64fb2ab2a9919&quot;,&quot;size&quot;:&quot;2\\\/3&quot;}]\" data-itemtype=\"row\"><div class=\"lfb_column lfb_sortable col-md-8\" data-columnid=\"64fb2ab2a9919\"><div class=\"lfb_itemBloc lfb_richtext   lfb_item lfb_itemContainer_502  \"   data-id=\"502\" data-itemtype=\"richtext\" data-itemid=\"502\" data-title=\"Benutzerdefinierte Inhalte (1) (1)\"    ><div class=\"lfb_richTextContent\">Kannewischer Group, dont le si\u00e8ge est \u00e0 Cham, est repr\u00e9sent\u00e9 par 11 sites en Europe et repr\u00e9sente une \u00e9quipe d'environ 80 collaborateurs.<br><\/div><\/div><div class=\"lfb_itemBloc lfb_richtext   lfb_item lfb_itemContainer_501  \"   data-id=\"501\" data-itemtype=\"richtext\" data-itemid=\"501\" data-title=\"Benutzerdefinierte Inhalte (1)\"    ><div class=\"lfb_richTextContent\"><h2>Quelle est notre activit\u00e9?<\/h2><\/div><\/div><div class=\"lfb_itemBloc lfb_richtext   lfb_item lfb_itemContainer_498  \"   data-id=\"498\" data-itemtype=\"richtext\" data-itemid=\"498\" data-title=\"Benutzerdefinierte Inhalte (1)\"    ><div class=\"lfb_richTextContent\">Kannewischer Group agit en tant que conseiller, d\u00e9veloppeur, planificateur et r\u00e9alisateur de techniques complexes du b\u00e2timent. De la conception strat\u00e9gique \u00e0 la planification de l'ex\u00e9cution et \u00e0 la direction des travaux sp\u00e9cialis\u00e9s dans les domaines du chauffage, de la ventilation, de la climatisation, des installations sanitaires et de la technique des piscines, notre gamme de prestations couvre l'ensemble du processus de projet. Nos comp\u00e9tences cl\u00e9s se concentrent sur les piscines et les centres de bien-\u00eatre, les centres de sant\u00e9, les b\u00e2timents complexes pour le secteur public, l'industrie et le commerce, les \u00e9glises ainsi que les b\u00e2timents r\u00e9sidentiels modernes avec une exigence \u00e9lev\u00e9e en mati\u00e8re d'efficacit\u00e9 des ressources. <br><\/div><\/div><div class=\"lfb_itemBloc lfb_richtext   lfb_item lfb_itemContainer_499  \"   data-id=\"499\" data-itemtype=\"richtext\" data-itemid=\"499\" data-title=\"Benutzerdefinierte Inhalte (1)\"    ><div class=\"lfb_richTextContent\"><h2>Voici ce qui t'attend chez nous:<\/h2><\/div><\/div><div class=\"lfb_itemBloc lfb_richtext   lfb_item lfb_itemContainer_500  \" data-showinsummary=\"true\"  data-id=\"500\" data-itemtype=\"richtext\" data-itemid=\"500\" data-title=\"Benutzerdefinierte Inhalte\"    ><div class=\"lfb_richTextContent\"><ul><li>Des projets passionnants&nbsp;\t<\/li><li>Des domaines d'activit\u00e9 vari\u00e9s&nbsp;\t<\/li><li>Un lieu de travail moderne et central&nbsp;\t<\/li><li>Bonnes connexions de transports publics \/ disponibilit\u00e9 de parking&nbsp;\t<\/li><li>Horaires de travail flexibles&nbsp;\t<\/li><li>Possibilit\u00e9 de travailler \u00e0 domicile&nbsp;\t<\/li><li>Culture du tutoiement et hi\u00e9rarchie plate&nbsp;\t<\/li><li>Climat de travail coll\u00e9gial et familial <\/li><li>Semaine de 40 heures et 5 semaines de vacances (pour un taux d'occupation de 100%) <\/li><li>Primes de fid\u00e9lit\u00e9 pour les collaborateurs de longue date <\/li><li>Possibilit\u00e9 de cong\u00e9s non pay\u00e9s <\/li><li>\u00c9v\u00e9nements d'\u00e9quipe et excursions pour les collaborateurs <\/li><li>Formations internes et continues <\/li><li>Eau, th\u00e9 et caf\u00e9 gratuits <\/li><li>Abonnement demi-tarif gratuitDes projets passionnants <\/li><\/ul><\/div><\/div><\/div><\/div> <\/div> <\/div><div class=\"lfb_errorMsg alert alert-danger\">Bitte w\u00e4hle ein Element aus, um fortzufahren.<\/div><div class=\"text-center lfb_btnNextContainer\"><a href=\"javascript:\" id=\"lfb_btnNext_79\" class=\"btn btn-wide btn-primary lfb_btn-next \"><span class=\"lfb_btnContent\"><span class=\"fa fa-check\"><\/span>Continuer<\/span><\/a><\/div><\/div><div class=\"lfb_genSlide\" data-start=\"0\"    data-showstepsum=\"1\" data-stepid=\"80\" data-title=\"Je suis int\u00e9ress\u00e9 par les postes suivants:\" data-required=\"true\" data-dependitem=\"0\">\t<h2 class=\"lfb_stepTitle\">Je suis int\u00e9ress\u00e9 par les postes suivants:<\/h2>\t<div class=\"lfb_genContent container lfb_noDes\" >\t\t<div class=\"row lfb_row  lfb_sortable\"><div class=\"lfb_itemBloc col-md-12  lfb_item lfb_itemContainer_503   lfb_row row\"     data-id=\"503\" data-columns=\"[{&quot;id&quot;:&quot;64fb2ab2a9919&quot;,&quot;size&quot;:&quot;2\\\/3&quot;}]\" data-itemtype=\"row\"><div class=\"lfb_column lfb_sortable col-md-8\" data-columnid=\"64fb2ab2a9919\"><div class=\"lfb_itemBloc  lfb_item lfb_itemContainer_504  text-left\"  data-id=\"504\" data-itemtype=\"checkbox\"><div  class=\"checkboxCt  checkboxCt-primary\"><input id=\"cb_504\" data-urlvariable=\"1\" data-sentattribute=\"price\" data-variablename=\"\" type=\"checkbox\"      data-group=\"job-group\"             data-showinsummary=\"true\"   class=\"\"   data-operation=\"+\" data-originaltitle=\"Le Lignon \/ Vernier  -  Technicien*ne ES ou Projeteur*se CFC chauffage \/ ventilation \/ sanitaire (100%)\"  data-originallabel=\"Le Lignon \/ Vernier  -  Technicien*ne ES ou Projeteur*se CFC chauffage \/ ventilation \/ sanitaire (100%)\"  data-itemid=\"504\" data-prodid=\"0\"  data-woovar=\"0\" data-eddvar=\"0\"   data-toggle=\"switch\" data-checkboxstyle=\"checkbox\"  data-price=\"0\"  data-addtototal=\"0\" data-title=\"Le Lignon \/ Vernier  -  Technicien*ne ES ou Projeteur*se CFC chauffage \/ ventilation \/ sanitaire (100%)\" \/><label for=\"cb_504\">Le Lignon \/ Vernier  -  Technicien*ne ES ou Projeteur*se CFC chauffage \/ ventilation \/ sanitaire (100%)<\/label> <\/div><\/div><div class=\"lfb_itemBloc  lfb_item lfb_itemContainer_505  text-left\"  data-id=\"505\" data-itemtype=\"checkbox\"><div  class=\"checkboxCt  checkboxCt-primary\"><input id=\"cb_505\" data-urlvariable=\"1\" data-sentattribute=\"price\" data-variablename=\"\" type=\"checkbox\"      data-group=\"job-group\"             data-showinsummary=\"true\"   class=\"\"   data-operation=\"+\" data-originaltitle=\"Fribourg  -  Technicien*ne ES ou Projeteur*se CFC chauffage \/ ventilation \/ sanitaire (100%)\"  data-originallabel=\"Fribourg  -  Technicien*ne ES ou Projeteur*se CFC chauffage \/ ventilation \/ sanitaire (100%)\"  data-itemid=\"505\" data-prodid=\"0\"  data-woovar=\"0\" data-eddvar=\"0\"   data-toggle=\"switch\" data-checkboxstyle=\"checkbox\"  data-price=\"0\"  data-addtototal=\"0\" data-title=\"Fribourg  -  Technicien*ne ES ou Projeteur*se CFC chauffage \/ ventilation \/ sanitaire (100%)\" \/><label for=\"cb_505\">Fribourg  -  Technicien*ne ES ou Projeteur*se CFC chauffage \/ ventilation \/ sanitaire (100%)<\/label> <\/div><\/div><\/div><\/div><div class=\"lfb_itemBloc col-md-12  lfb_item lfb_itemContainer_510   lfb_row row\"     data-id=\"510\" data-columns=\"[]\" data-itemtype=\"row\"><\/div> <\/div> <\/div><div class=\"lfb_errorMsg alert alert-danger\">Bitte w\u00e4hle ein Element aus, um fortzufahren.<\/div><div class=\"text-center lfb_btnNextContainer\"><a href=\"javascript:\" id=\"lfb_btnNext_80\" class=\"btn btn-wide btn-primary lfb_btn-next \"><span class=\"lfb_btnContent\"><span class=\"fa fa-check\"><\/span>Continuer<\/span><\/a><br\/><div class=\"lfb_linkPreviousCt\"><a href=\"javascript:\"  class=\"linkPrevious\"><span class=\"fa fa-arrow-left me-2\"><\/span>pr\u00e9c\u00e9dent<\/a><\/div><\/div><\/div><div class=\"lfb_genSlide\" id=\"finalSlide\" data-stepid=\"final\" data-title=\"Qui es-tu?\">\r\n                <h2 class=\"lfb_stepTitle\">Qui es-tu?<\/h2>\r\n                <div class=\"lfb_genContent container\">\r\n                    <div class=\"row lfb_row lfb_genContentSlide active  lfb_sortable\">\r\n                        <p id=\"lfb_finalLabel\" class=\"lfb-hidden\">The final estimated price is : <\/p><div id=\"lfb_finalPrice\" class=\"lfb-hidden\"><span><\/span><\/div><div id=\"lfb_subTxtValue\" class=\"lfb_dynamicHide\"><\/div><div class=\"lfb_itemBloc col-md-12  lfb_item lfb_itemContainer_516   lfb_row row\"     data-id=\"516\" data-columns=\"[{&quot;size&quot;:&quot;1\\\/2&quot;,&quot;id&quot;:&quot;64fb2ab2b5b3d&quot;}]\" data-itemtype=\"row\"><div class=\"lfb_column lfb_sortable col-md-6\" data-columnid=\"64fb2ab2b5b3d\"><div class=\"lfb_itemBloc lfb_richtext   lfb_item lfb_itemContainer_525  \" data-showinsummary=\"true\"  data-id=\"525\" data-itemtype=\"richtext\" data-itemid=\"525\" data-title=\"Benutzerdefinierte Inhalte\"    ><div class=\"lfb_richTextContent\">&nbsp;<\/div><\/div><div class=\"lfb_itemBloc  lfb_item lfb_itemContainer_517  \" data-alignment=\"0\" data-id=\"517\" data-itemtype=\"textfield\"><div class=\"form-group\"><label>Pr\u00e9nom *<\/label>\r\n                 <input   data-prefill=\"\" data-urlvariable=\"0\" data-sentattribute=\"price\"  data-variablename=\"\"  data-type=\"textfield\" type=\"text\" data-validation=\"fill\" data-autocomplete=\"0\" placeholder=\"Pr\u00e9nom *\" data-fieldtype=\"firstName\"           data-itemid=\"517\"   data-showinsummary=\"true\"  class=\"form-control\" data-required=\"true\"  data-title=\"Pr\u00e9nom *\" data-originaltitle=\"Pr\u00e9nom *\"  data-originallabel=\"Pr\u00e9nom *\"  \/><\/div><\/div><div class=\"lfb_itemBloc  lfb_item lfb_itemContainer_518  \" data-alignment=\"0\" data-id=\"518\" data-itemtype=\"textfield\"><div class=\"form-group\"><label>Nom *<\/label>\r\n                 <input   data-prefill=\"\" data-urlvariable=\"0\" data-sentattribute=\"price\"  data-variablename=\"\"  data-type=\"textfield\" type=\"text\" data-validation=\"fill\" data-autocomplete=\"0\" placeholder=\"Nom *\" data-fieldtype=\"lastName\"           data-itemid=\"518\"   data-showinsummary=\"true\"  class=\"form-control\" data-required=\"true\"  data-title=\"Nom *\" data-originaltitle=\"Nom *\"  data-originallabel=\"Nom *\"  \/><\/div><\/div><div class=\"lfb_itemBloc  lfb_item lfb_itemContainer_511  \" data-alignment=\"0\" data-id=\"511\" data-itemtype=\"textfield\"><div class=\"form-group\"><label>E-Mail *<\/label>\r\n                 <input   data-prefill=\"\" data-urlvariable=\"0\" data-sentattribute=\"price\"  data-variablename=\"\"  data-type=\"textfield\" type=\"text\" data-validation=\"email\" data-autocomplete=\"0\" placeholder=\"E-Mail *\" data-fieldtype=\"email\"       autocomplete=\"on\" name=\"email\"     data-itemid=\"511\"   data-showinsummary=\"true\"  class=\"form-control\" data-required=\"true\"  data-title=\"E-Mail *\" data-originaltitle=\"E-Mail *\"  data-originallabel=\"E-Mail *\"  \/><\/div><\/div><div class=\"lfb_itemBloc  lfb_item lfb_itemContainer_515  \" data-alignment=\"0\" data-id=\"515\" data-itemtype=\"textfield\"><div class=\"form-group\"><label>N\u00b0 de t\u00e9l\u00e9phone *<\/label>\r\n                 <input   data-prefill=\"\" data-urlvariable=\"0\" data-sentattribute=\"price\"  data-variablename=\"\"  data-type=\"textfield\" type=\"text\" data-validation=\"fill\" data-autocomplete=\"0\" placeholder=\"N\u00b0 de t\u00e9l\u00e9phone *\" data-fieldtype=\"phone\"           data-itemid=\"515\"   data-showinsummary=\"true\"  class=\"form-control\" data-required=\"true\"  data-title=\"N\u00b0 de t\u00e9l\u00e9phone *\" data-originaltitle=\"N\u00b0 de t\u00e9l\u00e9phone *\"  data-originallabel=\"N\u00b0 de t\u00e9l\u00e9phone *\"  \/><\/div><\/div><div class=\"lfb_itemBloc  lfb_item lfb_itemContainer_519   \" data-alignment=\"0\" data-id=\"519\" data-itemtype=\"select\">\r\n                    <div class=\"form-group\">\r\n                    <label>Pr\u00e9f\u00e9rence de contact*<\/label><select  data-prefill=\"\"  data-fieldtype=\"\"  data-prodid=\"0\"  data-woovar=\"0\" data-eddvar=\"0\" data-urlvariable=\"1\" data-sentattribute=\"price\" data-variablename=\"\" data-addtototal=\"0\" class=\"form-control  \" data-required=\"true\" data-firstvaluedisabled=\"true\"         data-showinsummary=\"true\"   data-operation=\"+\"  data-originaltitle=\"Pr\u00e9f\u00e9rence de contact*\"  data-originallabel=\"Pr\u00e9f\u00e9rence de contact*\"     data-itemid=\"519\"  ><option value=\"Pr\u00e9f\u00e9rence de contact*\"  data-price=\"0\" >Pr\u00e9f\u00e9rence de contact*<\/option><option value=\"par t\u00e9l\u00e9phone\"  data-price=\"0\" >par t\u00e9l\u00e9phone<\/option><option value=\"par e-mail\"  data-price=\"0\" >par e-mail<\/option><option value=\"\u00e9gal\"  data-price=\"0\" >\u00e9gal<\/option><\/select><\/div><\/div><div class=\"lfb_itemBloc  lfb_item lfb_itemContainer_520  \" data-alignment=\"0\" data-id=\"520\" data-itemtype=\"textfield\"><div class=\"form-group\"><label>Dipl\u00f4me professionnel<\/label>\r\n                 <input   data-prefill=\"\" data-urlvariable=\"0\" data-sentattribute=\"price\"  data-variablename=\"\"  data-type=\"textfield\" type=\"text\"  data-autocomplete=\"0\" placeholder=\"Dipl\u00f4me professionnel\" data-fieldtype=\"\"           data-itemid=\"520\"   data-showinsummary=\"true\"  class=\"form-control\"   data-title=\"Dipl\u00f4me professionnel\" data-originaltitle=\"Dipl\u00f4me professionnel\"  data-originallabel=\"Dipl\u00f4me professionnel\"  \/><\/div><\/div><div class=\"lfb_itemBloc  lfb_item lfb_itemContainer_521  \" data-alignment=\"0\" data-id=\"521\" data-itemtype=\"textfield\"><div class=\"form-group\"><label>Formation continue (si disponible)<\/label>\r\n                 <input   data-prefill=\"\" data-urlvariable=\"0\" data-sentattribute=\"price\"  data-variablename=\"\"  data-type=\"textfield\" type=\"text\"  data-autocomplete=\"0\" placeholder=\"Formation continue (si disponible)\" data-fieldtype=\"\"           data-itemid=\"521\"     class=\"form-control\"   data-title=\"Formation continue (si disponible)\" data-originaltitle=\"Formation continue (si disponible)\"  data-originallabel=\"Formation continue (si disponible)\"  \/><\/div><\/div><div class=\"lfb_itemBloc  lfb_item lfb_itemContainer_522  \" data-alignment=\"0\" data-id=\"522\" data-itemtype=\"textfield\"><div class=\"form-group\"><label>Nombre d'ann\u00e9es d'exp\u00e9rience professionnelle<\/label>\r\n                 <input   data-prefill=\"\" data-urlvariable=\"0\" data-sentattribute=\"price\"  data-variablename=\"\"  data-type=\"textfield\" type=\"text\"  data-autocomplete=\"0\" placeholder=\"Nombre d'ann\u00e9es d'exp\u00e9rience professionnelle\" data-fieldtype=\"\"           data-itemid=\"522\"   data-showinsummary=\"true\"  class=\"form-control\"   data-title=\"Nombre d'ann\u00e9es d'exp\u00e9rience professionnelle\" data-originaltitle=\"Nombre d'ann\u00e9es d'exp\u00e9rience professionnelle\"  data-originallabel=\"Nombre d'ann\u00e9es d'exp\u00e9rience professionnelle\"  \/><\/div><\/div><\/div><\/div><div class=\"lfb_itemBloc col-md-12  lfb_item lfb_itemContainer_523   lfb_row row\"     data-id=\"523\" data-columns=\"[{&quot;size&quot;:&quot;1\\\/2&quot;,&quot;id&quot;:&quot;64fb2ab2cbbc0&quot;}]\" data-itemtype=\"row\"><div class=\"lfb_column lfb_sortable col-md-6\" data-columnid=\"64fb2ab2cbbc0\"><div class=\"lfb_itemBloc lfb_richtext   lfb_item lfb_itemContainer_524  \"   data-id=\"524\" data-itemtype=\"richtext\" data-itemid=\"524\" data-title=\"Benutzerdefinierte Inhalte\"    ><div class=\"lfb_richTextContent\">*Champs obligatoires<br><\/div><\/div><\/div><\/div>\r\n                   <div id=\"lfb_summary\" class=\"lfb_summary table-responsive lfb-hidden\">\r\n                        <h3>Ihre Eingaben<\/h3>\r\n                        <table class=\"table table-bordered\">\r\n                            <thead>\r\n                                <th>Stellenangebot:<\/th>\r\n                                <th class=\"lfb_valueTh\">Information<\/th>\r\n                                <th class=\"lfb_quantityTh lfb-hidden\">Menge<\/th>\r\n                                <th class=\"lfb_priceTh lfb-hidden lfb_hidePrice\">Preis<\/th>\r\n                            <\/thead>\r\n                            <tbody>\r\n                                <tr id=\"lfb_summaryDiscountTr\" class=\"lfb_static lfb-hidden lfb_hidePrice\"><th colspan=\"3\">Rabatt :<\/th><th id=\"lfb_summaryDiscount\"><span><\/span><\/th><\/tr>\r\n                                <tr id=\"lfb_summaryTotalTr\" class=\"lfb_static lfb-hidden lfb_hidePrice\"><th colspan=\"3\">Summe :<\/th><th id=\"lfb_summaryTotal\"><span><\/span><\/th><\/tr>\r\n                            <\/tbody>\r\n                        <\/table>\r\n                    <\/div>\r\n                    <div id=\"lfb_legalNoticeContent\"><br><\/div>\r\n                    <div id=\"lfb_legalNoticeContentCt\" class=\"form-group\">\r\n                      <label for=\"lfb_legalCheckbox\">J'accepte la  <a href=\"https:\/\/www.kannewischer.group\/fr\/datenschutz\/\" target=\"_blank\">politique de confidentialit\u00e9<\/a>.<\/label>\r\n                      <input type=\"checkbox\" data-toggle=\"switch\" id=\"lfb_legalCheckbox\" data-checkboxstyle=\"switch\" class=\"form-control\"\/>\r\n                    <\/div><div id=\"lfb_lastStepDown\"><\/div><div class=\"text-center lfb_btnNextContainer\"><a href=\"javascript:\" id=\"lfb_btnOrder\" class=\"btn btn-wide btn-primary\"><span class=\"fa fa-check\"><\/span>Envoyer la candidature<\/a><br\/><div class=\"lfb_linkPreviousCt\"><a href=\"javascript:\" class=\"linkPrevious\"><span class=\"fa fa-arrow-left me-2\"><\/span>pr\u00e9c\u00e9dent<\/a><\/div><\/div><div class=\"clearfix\" data-tldinit=\"true\"><\/div><\/div><\/div><\/div><\/div><\/div><\/div><\/div><\/div>\n","protected":false},"excerpt":{"rendered":"<p> <a class=\"understrap-read-more-link\" href=\"https:\/\/www.kannewischer.group\/fr\/pose-ta-candidature-en-3-clics\/\">Lire la suite<\/a><\/p>\n","protected":false},"author":1334,"featured_media":0,"parent":0,"menu_order":0,"comment_status":"closed","ping_status":"closed","template":"","meta":{"_acf_changed":false,"footnotes":""},"class_list":["post-3723","page","type-page","status-publish","hentry"],"acf":[],"_links":{"self":[{"href":"https:\/\/www.kannewischer.group\/fr\/wp-json\/wp\/v2\/pages\/3723","targetHints":{"allow":["GET"]}}],"collection":[{"href":"https:\/\/www.kannewischer.group\/fr\/wp-json\/wp\/v2\/pages"}],"about":[{"href":"https:\/\/www.kannewischer.group\/fr\/wp-json\/wp\/v2\/types\/page"}],"author":[{"embeddable":true,"href":"https:\/\/www.kannewischer.group\/fr\/wp-json\/wp\/v2\/users\/1334"}],"replies":[{"embeddable":true,"href":"https:\/\/www.kannewischer.group\/fr\/wp-json\/wp\/v2\/comments?post=3723"}],"version-history":[{"count":1,"href":"https:\/\/www.kannewischer.group\/fr\/wp-json\/wp\/v2\/pages\/3723\/revisions"}],"predecessor-version":[{"id":3724,"href":"https:\/\/www.kannewischer.group\/fr\/wp-json\/wp\/v2\/pages\/3723\/revisions\/3724"}],"wp:attachment":[{"href":"https:\/\/www.kannewischer.group\/fr\/wp-json\/wp\/v2\/media?parent=3723"}],"curies":[{"name":"wp","href":"https:\/\/api.w.org\/{rel}","templated":true}]}}